{"id":1312,"date":"2025-02-26T08:58:41","date_gmt":"2025-02-26T07:58:41","guid":{"rendered":"https:\/\/almameco.es\/politica-de-privacidad\/"},"modified":"2025-04-29T15:56:47","modified_gmt":"2025-04-29T13:56:47","slug":"privacy-policy","status":"publish","type":"page","link":"https:\/\/almameco.es\/en\/privacy-policy\/","title":{"rendered":"Privacy Policy"},"content":{"rendered":"\t\t<div data-elementor-type=\"wp-page\" data-elementor-id=\"1312\" class=\"elementor elementor-1312 elementor-1304\" data-elementor-post-type=\"page\">\n\t\t\t\t<div class=\"elementor-element elementor-element-0f8b3c2 e-flex e-con-boxed e-con e-parent\" data-id=\"0f8b3c2\" data-element_type=\"container\" data-settings=\"{&quot;background_background&quot;:&quot;classic&quot;}\">\n\t\t\t\t\t<div class=\"e-con-inner\">\n\t\t<div class=\"elementor-element elementor-element-8483f99 e-con-full e-flex e-con e-child\" data-id=\"8483f99\" data-element_type=\"container\">\n\t\t\t\t<div class=\"elementor-element elementor-element-1ae2bf2 elementor-widget elementor-widget-heading\" data-id=\"1ae2bf2\" data-element_type=\"widget\" data-widget_type=\"heading.default\">\n\t\t\t\t<div class=\"elementor-widget-container\">\n\t\t\t\t\t<span class=\"elementor-heading-title elementor-size-default\">privacy<\/span>\t\t\t\t<\/div>\n\t\t\t\t<\/div>\n\t\t\t\t<div class=\"elementor-element elementor-element-64be949 elementor-position-right elementor-vertical-align-middle elementor-widget__width-auto elementor-tablet-position-top elementor-widget-tablet__width-inherit elementor-view-default elementor-mobile-position-top elementor-widget elementor-widget-icon-box\" data-id=\"64be949\" data-element_type=\"widget\" data-widget_type=\"icon-box.default\">\n\t\t\t\t<div class=\"elementor-widget-container\">\n\t\t\t\t\t\t\t<div class=\"elementor-icon-box-wrapper\">\n\n\t\t\t\t\t\t<div class=\"elementor-icon-box-icon\">\n\t\t\t\t<span  class=\"elementor-icon\">\n\t\t\t\t<svg xmlns=\"http:\/\/www.w3.org\/2000\/svg\" width=\"40\" height=\"26\" viewBox=\"0 0 40 26\"><path d=\"m26.92 0-1.04 1.022 11.305 11.12H0v1.447h37.187L25.88 24.707l1.04 1.024L40 12.866z\" fill=\"#50B9A4\" fill-rule=\"evenodd\"><\/path><\/svg>\t\t\t\t<\/span>\n\t\t\t<\/div>\n\t\t\t\n\t\t\t\t\t\t<div class=\"elementor-icon-box-content\">\n\n\t\t\t\t\t\t\t\t\t<span class=\"elementor-icon-box-title\">\n\t\t\t\t\t\t<span  >\n\t\t\t\t\t\t\tpolicy\t\t\t\t\t\t<\/span>\n\t\t\t\t\t<\/span>\n\t\t\t\t\n\t\t\t\t\n\t\t\t<\/div>\n\t\t\t\n\t\t<\/div>\n\t\t\t\t\t\t<\/div>\n\t\t\t\t<\/div>\n\t\t\t\t<\/div>\n\t\t<div class=\"elementor-element elementor-element-54747b2 e-con-full e-flex e-con e-child\" data-id=\"54747b2\" data-element_type=\"container\">\n\t\t\t\t<div class=\"elementor-element elementor-element-6a4c47c elementor-widget elementor-widget-image\" data-id=\"6a4c47c\" data-element_type=\"widget\" data-widget_type=\"image.default\">\n\t\t\t\t<div class=\"elementor-widget-container\">\n\t\t\t\t\t\t\t\t\t\t\t\t\t\t\t<img fetchpriority=\"high\" decoding=\"async\" width=\"800\" height=\"239\" src=\"https:\/\/almameco.es\/wp-content\/uploads\/2025\/01\/textura@3x-6-1024x306.png\" class=\"attachment-large size-large wp-image-630\" alt=\"\" srcset=\"https:\/\/almameco.es\/wp-content\/uploads\/2025\/01\/textura@3x-6-1024x306.png 1024w, https:\/\/almameco.es\/wp-content\/uploads\/2025\/01\/textura@3x-6-300x90.png 300w, https:\/\/almameco.es\/wp-content\/uploads\/2025\/01\/textura@3x-6-768x229.png 768w, https:\/\/almameco.es\/wp-content\/uploads\/2025\/01\/textura@3x-6-1536x459.png 1536w, https:\/\/almameco.es\/wp-content\/uploads\/2025\/01\/textura@3x-6-2048x612.png 2048w\" sizes=\"(max-width: 800px) 100vw, 800px\" \/>\t\t\t\t\t\t\t\t\t\t\t\t\t\t\t<\/div>\n\t\t\t\t<\/div>\n\t\t\t\t<\/div>\n\t\t\t\t\t<\/div>\n\t\t\t\t<\/div>\n\t\t<div class=\"elementor-element elementor-element-cfa2299 e-flex e-con-boxed e-con e-parent\" data-id=\"cfa2299\" data-element_type=\"container\">\n\t\t\t\t\t<div class=\"e-con-inner\">\n\t\t\t\t<div class=\"elementor-element elementor-element-5eb0950 elementor-widget elementor-widget-text-editor\" data-id=\"5eb0950\" data-element_type=\"widget\" data-widget_type=\"text-editor.default\">\n\t\t\t\t<div class=\"elementor-widget-container\">\n\t\t\t\t\t\t\t\t\t<p>In accordance with the stipulations of the General Data Protection Regulation, as well as the Spanish Organic Law 3\/2018, of December 5, on Personal Data Protection and guarantee of digital rights, we inform the users of this website that the personal data provided through it, whether by filling in any form, by e-mail or by any other means, will be treated in accordance with the present Data Protection Policy, being ALMA Meco the responsible party in charge of them.<\/p><p>It is our policy as a company to take all necessary steps to ensure the data security and privacy rights of all users, and to provide as much transparency as possible about our personal data protection practices.<\/p><p>For these purposes, \u2018personal data\u2019 is considered as all information provided through this website in relation to the use of the service, which directly or indirectly can identify the user (name, address, telephone numbers, e-mail address and similar).<\/p><p>ALMA Meco reserves the right to modify this Policy in order to adapt it to new legislation, legislation, jurisprudence, industry practices, or its own interests. Any modification to the Policy herewith, it will be announced so that its information is fully disclosed and available.<\/p><p data-start=\"1286\" data-end=\"1308\"><strong data-start=\"1286\" data-end=\"1306\">1. Website owner<\/strong><\/p><p>The ownership of the domain <a href=\"http:\/\/www.almameco.es\">www.almameco.es<\/a> is the property of Meco City Council, with registered address at Plaza de la Constituci\u00f3n, n\u00ba 1. &#8211; 28880 Madrid. The contact details are as follows:<\/p><ul><li>Postal Address: Plaza de la Constituci\u00f3n, n\u00ba 1.\u00a0 28880 Madrid<\/li><li>Telephone number: (+34) 91 886 00 03<\/li><li>E-mail address: <a href=\"mailto:info@almameco.es\">info@almameco.es<\/a><\/li><\/ul><p data-start=\"1625\" data-end=\"1673\"><strong data-start=\"1625\" data-end=\"1671\">2. What type of information do we collect?<\/strong><\/p><p>End users are responsible for ensuring that the information they provide through this website is true and accurate as in intended for keeping their data suitably updated so that it corresponds to their real situation. In this way, the end user shall be liable for any false or inaccurate information provided and for any damages caused to ALMA Meco or third parties, and the owner of the website reserves the right to exclude from the registered services any user who has provided false or misleading information, without prejudice to any other actions that may be applicable by law.<\/p><p>The information shown on the website comes from the databases of ALMA Meco, which, for this reason, makes every effort to ensure that the information posted on the website is accurate and up to date.<\/p><p data-start=\"2334\" data-end=\"2372\"><strong data-start=\"2334\" data-end=\"2370\">3. How do we gather information?<\/strong><\/p><p>The data will be collected by means of the forms filled in by the Users, as well as through any of the forms of contact made available to the public on this website.<\/p><p>When the data are collected on the contact form and not another open field such as a contact email, it will be necessary to provide at least those fields marked with an asterisk, since, otherwise, ALMA Meco will not be able to accept or manage the fulfilment of the established relationship.<\/p><p data-start=\"2753\" data-end=\"2794\"><strong data-start=\"2753\" data-end=\"2792\">4. How do we process personal data?<\/strong><\/p><p>ALMA Meco collects information for the following purposes:\u00a0 \u00a0\u00a0<\/p><ul><li>To allow contact with users who make any type of query, request or process any type of request (even of a commercial nature) made by the user through any of the forms of contact made available to the user on the website; and<\/li><li>To manage the commercial and\/or advertising relationship of the services, projects and activities developed by ALMA Meco.<\/li><\/ul><p>The data will be processed on the basis of the users&#8217; consent, which may be revoked at any time, although this will not affect the lawfulness of the data processed prior to the withdrawal of consent. The supply of data is voluntary, although if it is not provided, it will not be possible to deal with the queries raised.<\/p><p>In the event that third party data is provided, it is the user&#8217;s responsibility to have previously informed them of all the provisions of this clause and to obtain their consent.<\/p><p>ALMA Meco guarantees the security and confidentiality of the personal data provided thereto. To this end, it has implemented the appropriate technical and organisational measures that are necessary to prevent their alteration, loss, processing or unauthorised access, in accordance with the risk analysis carried out on the processing of personal data, as stipulated in the General Data Protection Regulation.<\/p><p data-start=\"3929\" data-end=\"3978\"><strong data-start=\"3929\" data-end=\"3976\">5. For how long are the collected data retained?<\/strong><\/p><p>The data provided hereunder shall be kept until the query, request or application is resolved and, even afterwards, for the expiry of the statute of limitations for any liabilities that may arise therefrom.<\/p><p data-start=\"4161\" data-end=\"4196\"><strong data-start=\"4161\" data-end=\"4194\">6. What rights do users have?<\/strong><\/p><p>In accordance with the provisions of the General Data Protection Regulation, users are informed of the right to exercise their rights of access, rectification, deletion, limitation, opposition and portability by means of a written and signed request containing the following information: name, surname, address for notification purposes, photocopy of ID card or passport, and the request in which the request is made. Written requests must be sent to ALMA Meco at any of the addresses indicated above.<\/p><p>Furthermore, we inform you that in the event of any possible infringement of your rights, you may file a complaint before the Spanish Data Protection Agency.<\/p>\t\t\t\t\t\t\t\t<\/div>\n\t\t\t\t<\/div>\n\t\t\t\t\t<\/div>\n\t\t\t\t<\/div>\n\t\t\t\t<\/div>\n\t\t","protected":false},"excerpt":{"rendered":"<p>privacy policy In accordance with the stipulations of the General Data Protection Regulation, as well as the Spanish Organic Law 3\/2018, of December 5, on Personal Data Protection and guarantee of digital rights, we inform the users of this website that the personal data provided through it, whether by filling in any form, by e-mail [&hellip;]<\/p>\n","protected":false},"author":1,"featured_media":0,"parent":0,"menu_order":0,"comment_status":"closed","ping_status":"closed","template":"","meta":{"footnotes":""},"class_list":["post-1312","page","type-page","status-publish","hentry"],"yoast_head":"<!-- This site is optimized with the Yoast SEO plugin v24.4 - https:\/\/yoast.com\/wordpress\/plugins\/seo\/ -->\n<title>Privacy Policy - Alma Meco<\/title>\n<meta name=\"robots\" content=\"noindex, follow, max-snippet:-1, max-image-preview:large, max-video-preview:-1\" \/>\n<meta property=\"og:locale\" content=\"en_US\" \/>\n<meta property=\"og:type\" content=\"article\" \/>\n<meta property=\"og:title\" content=\"Privacy Policy - Alma Meco\" \/>\n<meta property=\"og:description\" content=\"privacy policy In accordance with the stipulations of the General Data Protection Regulation, as well as the Spanish Organic Law 3\/2018, of December 5, on Personal Data Protection and guarantee of digital rights, we inform the users of this website that the personal data provided through it, whether by filling in any form, by e-mail [&hellip;]\" \/>\n<meta property=\"og:url\" content=\"https:\/\/almameco.es\/en\/privacy-policy\/\" \/>\n<meta property=\"og:site_name\" content=\"Alma Meco\" \/>\n<meta property=\"article:modified_time\" content=\"2025-04-29T13:56:47+00:00\" \/>\n<meta property=\"og:image\" content=\"https:\/\/almameco.es\/wp-content\/uploads\/2025\/01\/textura@3x-6.png\" \/>\n\t<meta property=\"og:image:width\" content=\"2160\" \/>\n\t<meta property=\"og:image:height\" content=\"645\" \/>\n\t<meta property=\"og:image:type\" content=\"image\/png\" \/>\n<meta name=\"twitter:card\" content=\"summary_large_image\" \/>\n<meta name=\"twitter:label1\" content=\"Est. reading time\" \/>\n\t<meta name=\"twitter:data1\" content=\"4 minutes\" \/>\n<script type=\"application\/ld+json\" class=\"yoast-schema-graph\">{\"@context\":\"https:\/\/schema.org\",\"@graph\":[{\"@type\":\"WebPage\",\"@id\":\"https:\/\/almameco.es\/en\/privacy-policy\/\",\"url\":\"https:\/\/almameco.es\/en\/privacy-policy\/\",\"name\":\"Privacy Policy - Alma Meco\",\"isPartOf\":{\"@id\":\"https:\/\/almameco.es\/en\/#website\"},\"primaryImageOfPage\":{\"@id\":\"https:\/\/almameco.es\/en\/privacy-policy\/#primaryimage\"},\"image\":{\"@id\":\"https:\/\/almameco.es\/en\/privacy-policy\/#primaryimage\"},\"thumbnailUrl\":\"https:\/\/almameco.es\/wp-content\/uploads\/2025\/01\/textura@3x-6-1024x306.png\",\"datePublished\":\"2025-02-26T07:58:41+00:00\",\"dateModified\":\"2025-04-29T13:56:47+00:00\",\"breadcrumb\":{\"@id\":\"https:\/\/almameco.es\/en\/privacy-policy\/#breadcrumb\"},\"inLanguage\":\"en-US\",\"potentialAction\":[{\"@type\":\"ReadAction\",\"target\":[\"https:\/\/almameco.es\/en\/privacy-policy\/\"]}]},{\"@type\":\"ImageObject\",\"inLanguage\":\"en-US\",\"@id\":\"https:\/\/almameco.es\/en\/privacy-policy\/#primaryimage\",\"url\":\"https:\/\/almameco.es\/wp-content\/uploads\/2025\/01\/textura@3x-6-1024x306.png\",\"contentUrl\":\"https:\/\/almameco.es\/wp-content\/uploads\/2025\/01\/textura@3x-6-1024x306.png\"},{\"@type\":\"BreadcrumbList\",\"@id\":\"https:\/\/almameco.es\/en\/privacy-policy\/#breadcrumb\",\"itemListElement\":[{\"@type\":\"ListItem\",\"position\":1,\"name\":\"Portada\",\"item\":\"https:\/\/almameco.es\/en\/\"},{\"@type\":\"ListItem\",\"position\":2,\"name\":\"Privacy Policy\"}]},{\"@type\":\"WebSite\",\"@id\":\"https:\/\/almameco.es\/en\/#website\",\"url\":\"https:\/\/almameco.es\/en\/\",\"name\":\"Alma Meco\",\"description\":\"ALMA Meco es el principal desarrollo de suelo para actividades econ\u00f3micas que se proyecta en Madrid, y destaca porque ofrece parcelas de grandes dimensiones en un enclave estrat\u00e9gico, proyectos con tramitaci\u00f3n prioritaria y acceso a todos los servicios.\",\"publisher\":{\"@id\":\"https:\/\/almameco.es\/en\/#organization\"},\"potentialAction\":[{\"@type\":\"SearchAction\",\"target\":{\"@type\":\"EntryPoint\",\"urlTemplate\":\"https:\/\/almameco.es\/en\/?s={search_term_string}\"},\"query-input\":{\"@type\":\"PropertyValueSpecification\",\"valueRequired\":true,\"valueName\":\"search_term_string\"}}],\"inLanguage\":\"en-US\"},{\"@type\":\"Organization\",\"@id\":\"https:\/\/almameco.es\/en\/#organization\",\"name\":\"Alma Meco\",\"url\":\"https:\/\/almameco.es\/en\/\",\"logo\":{\"@type\":\"ImageObject\",\"inLanguage\":\"en-US\",\"@id\":\"https:\/\/almameco.es\/en\/#\/schema\/logo\/image\/\",\"url\":\"https:\/\/almameco.es\/wp-content\/uploads\/2025\/01\/logo-logo-verde-lima-2.svg\",\"contentUrl\":\"https:\/\/almameco.es\/wp-content\/uploads\/2025\/01\/logo-logo-verde-lima-2.svg\",\"width\":139,\"height\":62,\"caption\":\"Alma Meco\"},\"image\":{\"@id\":\"https:\/\/almameco.es\/en\/#\/schema\/logo\/image\/\"}}]}<\/script>\n<!-- \/ Yoast SEO plugin. -->","yoast_head_json":{"title":"Privacy Policy - Alma Meco","robots":{"index":"noindex","follow":"follow","max-snippet":"max-snippet:-1","max-image-preview":"max-image-preview:large","max-video-preview":"max-video-preview:-1"},"og_locale":"en_US","og_type":"article","og_title":"Privacy Policy - Alma Meco","og_description":"privacy policy In accordance with the stipulations of the General Data Protection Regulation, as well as the Spanish Organic Law 3\/2018, of December 5, on Personal Data Protection and guarantee of digital rights, we inform the users of this website that the personal data provided through it, whether by filling in any form, by e-mail [&hellip;]","og_url":"https:\/\/almameco.es\/en\/privacy-policy\/","og_site_name":"Alma Meco","article_modified_time":"2025-04-29T13:56:47+00:00","og_image":[{"width":2160,"height":645,"url":"https:\/\/almameco.es\/wp-content\/uploads\/2025\/01\/textura@3x-6.png","type":"image\/png"}],"twitter_card":"summary_large_image","twitter_misc":{"Est. reading time":"4 minutes"},"schema":{"@context":"https:\/\/schema.org","@graph":[{"@type":"WebPage","@id":"https:\/\/almameco.es\/en\/privacy-policy\/","url":"https:\/\/almameco.es\/en\/privacy-policy\/","name":"Privacy Policy - Alma Meco","isPartOf":{"@id":"https:\/\/almameco.es\/en\/#website"},"primaryImageOfPage":{"@id":"https:\/\/almameco.es\/en\/privacy-policy\/#primaryimage"},"image":{"@id":"https:\/\/almameco.es\/en\/privacy-policy\/#primaryimage"},"thumbnailUrl":"https:\/\/almameco.es\/wp-content\/uploads\/2025\/01\/textura@3x-6-1024x306.png","datePublished":"2025-02-26T07:58:41+00:00","dateModified":"2025-04-29T13:56:47+00:00","breadcrumb":{"@id":"https:\/\/almameco.es\/en\/privacy-policy\/#breadcrumb"},"inLanguage":"en-US","potentialAction":[{"@type":"ReadAction","target":["https:\/\/almameco.es\/en\/privacy-policy\/"]}]},{"@type":"ImageObject","inLanguage":"en-US","@id":"https:\/\/almameco.es\/en\/privacy-policy\/#primaryimage","url":"https:\/\/almameco.es\/wp-content\/uploads\/2025\/01\/textura@3x-6-1024x306.png","contentUrl":"https:\/\/almameco.es\/wp-content\/uploads\/2025\/01\/textura@3x-6-1024x306.png"},{"@type":"BreadcrumbList","@id":"https:\/\/almameco.es\/en\/privacy-policy\/#breadcrumb","itemListElement":[{"@type":"ListItem","position":1,"name":"Portada","item":"https:\/\/almameco.es\/en\/"},{"@type":"ListItem","position":2,"name":"Privacy Policy"}]},{"@type":"WebSite","@id":"https:\/\/almameco.es\/en\/#website","url":"https:\/\/almameco.es\/en\/","name":"Alma Meco","description":"ALMA Meco es el principal desarrollo de suelo para actividades econ\u00f3micas que se proyecta en Madrid, y destaca porque ofrece parcelas de grandes dimensiones en un enclave estrat\u00e9gico, proyectos con tramitaci\u00f3n prioritaria y acceso a todos los servicios.","publisher":{"@id":"https:\/\/almameco.es\/en\/#organization"},"potentialAction":[{"@type":"SearchAction","target":{"@type":"EntryPoint","urlTemplate":"https:\/\/almameco.es\/en\/?s={search_term_string}"},"query-input":{"@type":"PropertyValueSpecification","valueRequired":true,"valueName":"search_term_string"}}],"inLanguage":"en-US"},{"@type":"Organization","@id":"https:\/\/almameco.es\/en\/#organization","name":"Alma Meco","url":"https:\/\/almameco.es\/en\/","logo":{"@type":"ImageObject","inLanguage":"en-US","@id":"https:\/\/almameco.es\/en\/#\/schema\/logo\/image\/","url":"https:\/\/almameco.es\/wp-content\/uploads\/2025\/01\/logo-logo-verde-lima-2.svg","contentUrl":"https:\/\/almameco.es\/wp-content\/uploads\/2025\/01\/logo-logo-verde-lima-2.svg","width":139,"height":62,"caption":"Alma Meco"},"image":{"@id":"https:\/\/almameco.es\/en\/#\/schema\/logo\/image\/"}}]}},"_links":{"self":[{"href":"https:\/\/almameco.es\/en\/wp-json\/wp\/v2\/pages\/1312","targetHints":{"allow":["GET"]}}],"collection":[{"href":"https:\/\/almameco.es\/en\/wp-json\/wp\/v2\/pages"}],"about":[{"href":"https:\/\/almameco.es\/en\/wp-json\/wp\/v2\/types\/page"}],"author":[{"embeddable":true,"href":"https:\/\/almameco.es\/en\/wp-json\/wp\/v2\/users\/1"}],"replies":[{"embeddable":true,"href":"https:\/\/almameco.es\/en\/wp-json\/wp\/v2\/comments?post=1312"}],"version-history":[{"count":16,"href":"https:\/\/almameco.es\/en\/wp-json\/wp\/v2\/pages\/1312\/revisions"}],"predecessor-version":[{"id":1639,"href":"https:\/\/almameco.es\/en\/wp-json\/wp\/v2\/pages\/1312\/revisions\/1639"}],"wp:attachment":[{"href":"https:\/\/almameco.es\/en\/wp-json\/wp\/v2\/media?parent=1312"}],"curies":[{"name":"wp","href":"https:\/\/api.w.org\/{rel}","templated":true}]}}